{"id":11,"date":"2023-11-10T11:22:56","date_gmt":"2023-11-10T11:22:56","guid":{"rendered":"https:\/\/startersites.io\/blocksy\/daily-news\/?page_id=11"},"modified":"2025-05-27T12:30:15","modified_gmt":"2025-05-27T10:30:15","slug":"contact","status":"publish","type":"page","link":"https:\/\/guide-ia.fr\/ro\/contact\/","title":{"rendered":"Contact"},"content":{"rendered":"<p>Vous avez une question, une suggestion ou souhaitez entrer en contact avec l&#8217;\u00e9quipe de Guide IA ?<br>Nous sommes ravis de vous aider ! Que ce soit pour des renseignements sur nos articles, des id\u00e9es de collaboration, ou toute autre demande, n&#8217;h\u00e9sitez pas \u00e0 nous \u00e9crire via notre formulaire de contact !<\/p>\n\n\n\n<div class=\"wp-block-contact-form-7-contact-form-selector\"><p class=\"wpcf7-contact-form-not-found\"><strong>Eroare:<\/strong> Nu am g\u0103sit formularul de contact.<\/p><\/div>","protected":false},"excerpt":{"rendered":"<p>Vous avez une question, une suggestion ou souhaitez entrer en contact avec l&#8217;\u00e9quipe de Guide IA ?Nous sommes ravis de vous aider ! Que ce soit pour des renseignements sur nos articles, des id\u00e9es de collaboration, ou toute autre demande, n&#8217;h\u00e9sitez pas \u00e0 nous \u00e9crire via notre formulaire de contact !<\/p>","protected":false},"author":1,"featured_media":0,"parent":0,"menu_order":0,"comment_status":"closed","ping_status":"closed","template":"","meta":{"_gspb_post_css":"#gspb_heading-id-gsbp-5f71a739-2fe1,#gspb_heading-id-gsbp-c18a1299-220c{font-size:22px;margin-top:0;margin-bottom:25px}.gspb_text-id-gsbp-7d6f68a4-3f40{margin-top:0!important;margin-bottom:50px!important}.gspb_text-id-gsbp-05229c4b-83dd,.gspb_text-id-gsbp-364d740f-c57c,.gspb_text-id-gsbp-867d777b-5be5{margin-bottom:30px!important}#gspb_heading-id-gsbp-2971b78a-63a8,#gspb_heading-id-gsbp-5388ade5-8810,#gspb_heading-id-gsbp-8d8cd7cf-2902{font-size:16px;margin-top:0;margin-bottom:5px}#gspb_row-id-gsbp-7bb8f57b-e514{justify-content:space-between;margin-top:0;display:flex;flex-wrap:wrap;margin-bottom:60px}#gspb_row-id-gsbp-7bb8f57b-e514>.gspb_row__content,#gspb_row-id-gsbp-bbb3bfee-8c0b>.gspb_row__content{display:flex;justify-content:space-between;margin:0 auto;width:100%;flex-wrap:wrap}div[id^=gspb_col-id]{padding:15px min(3vw,20px);box-sizing:border-box;position:relative}#gspb_heading-id-gsbp-8037f117-ddc1{font-size:23px}@media (max-width:575.98px){#gspb_heading-id-gsbp-8037f117-ddc1{font-size:20px}}#gspb_heading-id-gsbp-8037f117-ddc1{color:var(--wp--preset--color--palette-color-10, var(--theme-palette-color-10, #ffffff));margin-top:0;margin-bottom:15px}.gspb_text-id-gsbp-b4ed2c6f-2b68{font-size:15px;color:#ffffffbd}#gspb_image-id-gsbp-14f0eabe-e7fd img{vertical-align:top;display:inline-block;box-sizing:border-box;max-width:100%;width:custom}@media (max-width:575.98px){#gspb_image-id-gsbp-14f0eabe-e7fd img{width:80px}}#gspb_image-id-gsbp-14f0eabe-e7fd,#gspb_image-id-gsbp-14f0eabe-e7fd img{height:45px}@media (max-width:575.98px){#gspb_image-id-gsbp-14f0eabe-e7fd,#gspb_image-id-gsbp-14f0eabe-e7fd img{height:35px}}#gspb_image-id-gsbp-41172539-375e img{vertical-align:top;display:inline-block;box-sizing:border-box;max-width:100%;width:custom;height:45px}#gspb_image-id-gsbp-41172539-375e{height:45px}@media (max-width:575.98px){#gspb_image-id-gsbp-41172539-375e,#gspb_image-id-gsbp-41172539-375e img{height:35px}}#gspb_row-id-gsbp-bbb3bfee-8c0b{justify-content:space-between;margin-top:0;display:flex;flex-wrap:wrap;margin-bottom:0;padding:50px}.gspb_row{position:relative}@media (max-width:575.98px){#gspb_row-id-gsbp-bbb3bfee-8c0b>.gspb_row__content{row-gap:20px}}body.gspb-bodyfront #gspb_row-id-gsbp-7bb8f57b-e514>.gspb_row__content,body.gspb-bodyfront #gspb_row-id-gsbp-bbb3bfee-8c0b>.gspb_row__content{width:var(--theme-container-width, 1200px);max-width:var(--theme-normal-container-max-width, 1200px)}@media (max-width:575.98px){#gspb_row-id-gsbp-bbb3bfee-8c0b{padding:30px}}#gspb_row-id-gsbp-bbb3bfee-8c0b{background-size:cover;background-repeat:no-repeat;border-top-left-radius:5px;border-top-right-radius:5px;border-bottom-right-radius:5px;border-bottom-left-radius:5px;z-index:0}#gspb_row-id-gsbp-bbb3bfee-8c0b.gs-active-view{background-image:url(https:\/\/startersites.io\/blocksy\/daily-news\/wp-content\/uploads\/2023\/11\/app-cta-background-5.webp)}#gspb_row-id-gsbp-bbb3bfee-8c0b:hover{background-size:cover}#gspb_row-id-gsbp-bbb3bfee-8c0b>.gspb_backgroundOverlay{position:absolute;top:0;left:0;width:100%;height:100%;z-index:-1;opacity:.4;background-color:var(--wp--preset--color--palette-color-1, var(--theme-palette-color-1, #106abf));border-top-left-radius:5px;border-top-right-radius:5px;border-bottom-right-radius:5px;border-bottom-left-radius:5px}.gspb_id-gsbp-cd687d06-8bb2{display:flex;margin-bottom:60px}.gspb_id-gsbp-cd687d06-8bb2 .gspb_map-wrapper{width:100%;height:500px}@media (max-width:991.98px){.gspb_id-gsbp-cd687d06-8bb2 .gspb_map-wrapper{height:400px}}#gspb_col-id-gsbp-f468e625-df3c.gspb_row__col--8{width:calc(66.66666666666667% - 25px)}@media (max-width:991.98px){#gspb_col-id-gsbp-f468e625-df3c.gspb_row__col--8{width:calc(66.66666666666667% - 25px)}}@media (max-width:767.98px){#gspb_col-id-gsbp-f468e625-df3c.gspb_row__col--8{width:calc(66.66666666666667% - 25px)}}@media (max-width:575.98px){#gspb_col-id-gsbp-f468e625-df3c.gspb_row__col--8{width:100%}}.gspb_row #gspb_col-id-gsbp-42f91898-48ef.gspb_row__col--6,.gspb_row #gspb_col-id-gsbp-c31f481e-d155.gspb_row__col--4,.gspb_row #gspb_col-id-gsbp-dd5dd476-23eb.gspb_row__col--6,.gspb_row #gspb_col-id-gsbp-f468e625-df3c.gspb_row__col--8{padding:0}#gspb_col-id-gsbp-c31f481e-d155.gspb_row__col--4{width:calc(33.333333333333336% - 25px)}@media (max-width:991.98px){#gspb_col-id-gsbp-c31f481e-d155.gspb_row__col--4{width:calc(33.333333333333336% - 25px)}}@media (max-width:767.98px){#gspb_col-id-gsbp-c31f481e-d155.gspb_row__col--4{width:calc(33.333333333333336% - 25px)}}@media (max-width:575.98px){#gspb_col-id-gsbp-c31f481e-d155.gspb_row__col--4{width:100%}}#gspb_col-id-gsbp-42f91898-48ef.gspb_row__col--6{width:calc(50% - 25px)}@media (max-width:991.98px){#gspb_col-id-gsbp-42f91898-48ef.gspb_row__col--6{width:calc(66.66666666666667% - 25px)}}@media (max-width:767.98px){#gspb_col-id-gsbp-42f91898-48ef.gspb_row__col--6{width:calc(66.66666666666667% - 25px)}}@media (max-width:575.98px){#gspb_col-id-gsbp-42f91898-48ef.gspb_row__col--6{width:100%}}#gspb_col-id-gsbp-dd5dd476-23eb.gspb_row__col--6{width:calc(50% - 25px)}@media (max-width:991.98px){#gspb_col-id-gsbp-dd5dd476-23eb.gspb_row__col--6{width:calc(33.333333333333336% - 25px)}}@media (max-width:767.98px){#gspb_col-id-gsbp-dd5dd476-23eb.gspb_row__col--6{width:calc(33.333333333333336% - 25px)}}@media (max-width:575.98px){#gspb_col-id-gsbp-dd5dd476-23eb.gspb_row__col--6{width:100%}}body #gspb_col-id-gsbp-dd5dd476-23eb.gspb_row__col--6{display:flex;flex-direction:row;justify-content:flex-start;align-items:center}@media (max-width:991.98px){body #gspb_col-id-gsbp-dd5dd476-23eb.gspb_row__col--6{justify-content:flex-end}}@media (max-width:575.98px){body #gspb_col-id-gsbp-dd5dd476-23eb.gspb_row__col--6{justify-content:center}}#gspb_container-id-gsbp-1e88347f-fe2c.gspb_container{box-sizing:border-box;display:flex;flex-direction:row;align-items:center;row-gap:15px;column-gap:15px}#gspb_container-id-gsbp-1e88347f-fe2c.gspb_container>p:last-of-type{margin-bottom:0}.gspb_container{position:relative}@media (max-width:991.98px){#gspb_container-id-gsbp-1e88347f-fe2c.gspb_container{flex-direction:column;align-items:flex-end}}@media (max-width:575.98px){#gspb_container-id-gsbp-1e88347f-fe2c.gspb_container{flex-direction:row;align-items:center}}","footnotes":""},"class_list":["post-11","page","type-page","status-publish","hentry"],"blocksy_meta":{"has_hero_section":"disabled","styles_descriptor":{"styles":{"desktop":"","tablet":"","mobile":""},"google_fonts":[],"version":6}},"yoast_head":"<!-- This site is optimized with the Yoast SEO plugin v25.6 - https:\/\/yoast.com\/wordpress\/plugins\/seo\/ -->\n<title>Contact - Guide IA<\/title>\n<meta name=\"robots\" content=\"index, follow, max-snippet:-1, max-image-preview:large, max-video-preview:-1\" \/>\n<link rel=\"canonical\" href=\"https:\/\/guide-ia.fr\/ro\/contact\/\" \/>\n<meta property=\"og:locale\" content=\"ro_RO\" \/>\n<meta property=\"og:type\" content=\"article\" \/>\n<meta property=\"og:title\" content=\"Contact - Guide IA\" \/>\n<meta property=\"og:description\" content=\"Vous avez une question, une suggestion ou souhaitez entrer en contact avec l&#8217;\u00e9quipe de Guide IA ?Nous sommes ravis de vous aider ! Que ce soit pour des renseignements sur nos articles, des id\u00e9es de collaboration, ou toute autre demande, n&#8217;h\u00e9sitez pas \u00e0 nous \u00e9crire via notre formulaire de contact !\" \/>\n<meta property=\"og:url\" content=\"https:\/\/guide-ia.fr\/ro\/contact\/\" \/>\n<meta property=\"og:site_name\" content=\"Guide IA\" \/>\n<meta property=\"article:modified_time\" content=\"2025-05-27T10:30:15+00:00\" \/>\n<meta property=\"og:image\" content=\"https:\/\/guide-ia.fr\/wp-content\/uploads\/2025\/05\/guide-ia-logo.png\" \/>\n\t<meta property=\"og:image:width\" content=\"1000\" \/>\n\t<meta property=\"og:image:height\" content=\"1000\" \/>\n\t<meta property=\"og:image:type\" content=\"image\/png\" \/>\n<meta name=\"twitter:card\" content=\"summary_large_image\" \/>\n<meta name=\"twitter:label1\" content=\"Timp estimat pentru citire\" \/>\n\t<meta name=\"twitter:data1\" content=\"1 minut\" \/>\n<script type=\"application\/ld+json\" class=\"yoast-schema-graph\">{\"@context\":\"https:\/\/schema.org\",\"@graph\":[{\"@type\":\"WebPage\",\"@id\":\"https:\/\/guide-ia.fr\/contact\/\",\"url\":\"https:\/\/guide-ia.fr\/contact\/\",\"name\":\"Contact - Guide IA\",\"isPartOf\":{\"@id\":\"https:\/\/guide-ia.fr\/ro\/#website\"},\"datePublished\":\"2023-11-10T11:22:56+00:00\",\"dateModified\":\"2025-05-27T10:30:15+00:00\",\"breadcrumb\":{\"@id\":\"https:\/\/guide-ia.fr\/contact\/#breadcrumb\"},\"inLanguage\":\"ro-RO\",\"potentialAction\":[{\"@type\":\"ReadAction\",\"target\":[\"https:\/\/guide-ia.fr\/contact\/\"]}]},{\"@type\":\"BreadcrumbList\",\"@id\":\"https:\/\/guide-ia.fr\/contact\/#breadcrumb\",\"itemListElement\":[{\"@type\":\"ListItem\",\"position\":1,\"name\":\"Accueil\",\"item\":\"https:\/\/guide-ia.fr\/\"},{\"@type\":\"ListItem\",\"position\":2,\"name\":\"Contact\"}]},{\"@type\":\"WebSite\",\"@id\":\"https:\/\/guide-ia.fr\/ro\/#website\",\"url\":\"https:\/\/guide-ia.fr\/ro\/\",\"name\":\"Guide IA\",\"description\":\"Des outils, des test, des avis et des conseils\",\"publisher\":{\"@id\":\"https:\/\/guide-ia.fr\/ro\/#organization\"},\"potentialAction\":[{\"@type\":\"SearchAction\",\"target\":{\"@type\":\"EntryPoint\",\"urlTemplate\":\"https:\/\/guide-ia.fr\/ro\/?s={search_term_string}\"},\"query-input\":{\"@type\":\"PropertyValueSpecification\",\"valueRequired\":true,\"valueName\":\"search_term_string\"}}],\"inLanguage\":\"ro-RO\"},{\"@type\":\"Organization\",\"@id\":\"https:\/\/guide-ia.fr\/ro\/#organization\",\"name\":\"Guide IA\",\"url\":\"https:\/\/guide-ia.fr\/ro\/\",\"logo\":{\"@type\":\"ImageObject\",\"inLanguage\":\"ro-RO\",\"@id\":\"https:\/\/guide-ia.fr\/ro\/#\/schema\/logo\/image\/\",\"url\":\"https:\/\/guide-ia.fr\/wp-content\/uploads\/2025\/05\/guide-ia-logo.png\",\"contentUrl\":\"https:\/\/guide-ia.fr\/wp-content\/uploads\/2025\/05\/guide-ia-logo.png\",\"width\":1000,\"height\":1000,\"caption\":\"Guide IA\"},\"image\":{\"@id\":\"https:\/\/guide-ia.fr\/ro\/#\/schema\/logo\/image\/\"}}]}<\/script>\n<!-- \/ Yoast SEO plugin. -->","yoast_head_json":{"title":"Contact - Guide IA","robots":{"index":"index","follow":"follow","max-snippet":"max-snippet:-1","max-image-preview":"max-image-preview:large","max-video-preview":"max-video-preview:-1"},"canonical":"https:\/\/guide-ia.fr\/ro\/contact\/","og_locale":"ro_RO","og_type":"article","og_title":"Contact - Guide IA","og_description":"Vous avez une question, une suggestion ou souhaitez entrer en contact avec l&#8217;\u00e9quipe de Guide IA ?Nous sommes ravis de vous aider ! Que ce soit pour des renseignements sur nos articles, des id\u00e9es de collaboration, ou toute autre demande, n&#8217;h\u00e9sitez pas \u00e0 nous \u00e9crire via notre formulaire de contact !","og_url":"https:\/\/guide-ia.fr\/ro\/contact\/","og_site_name":"Guide IA","article_modified_time":"2025-05-27T10:30:15+00:00","og_image":[{"width":1000,"height":1000,"url":"https:\/\/guide-ia.fr\/wp-content\/uploads\/2025\/05\/guide-ia-logo.png","type":"image\/png"}],"twitter_card":"summary_large_image","twitter_misc":{"Timp estimat pentru citire":"1 minut"},"schema":{"@context":"https:\/\/schema.org","@graph":[{"@type":"WebPage","@id":"https:\/\/guide-ia.fr\/contact\/","url":"https:\/\/guide-ia.fr\/contact\/","name":"Contact - Guide IA","isPartOf":{"@id":"https:\/\/guide-ia.fr\/ro\/#website"},"datePublished":"2023-11-10T11:22:56+00:00","dateModified":"2025-05-27T10:30:15+00:00","breadcrumb":{"@id":"https:\/\/guide-ia.fr\/contact\/#breadcrumb"},"inLanguage":"ro-RO","potentialAction":[{"@type":"ReadAction","target":["https:\/\/guide-ia.fr\/contact\/"]}]},{"@type":"BreadcrumbList","@id":"https:\/\/guide-ia.fr\/contact\/#breadcrumb","itemListElement":[{"@type":"ListItem","position":1,"name":"Accueil","item":"https:\/\/guide-ia.fr\/"},{"@type":"ListItem","position":2,"name":"Contact"}]},{"@type":"WebSite","@id":"https:\/\/guide-ia.fr\/ro\/#website","url":"https:\/\/guide-ia.fr\/ro\/","name":"Guide IA","description":"Des outils, des test, des avis et des conseils","publisher":{"@id":"https:\/\/guide-ia.fr\/ro\/#organization"},"potentialAction":[{"@type":"SearchAction","target":{"@type":"EntryPoint","urlTemplate":"https:\/\/guide-ia.fr\/ro\/?s={search_term_string}"},"query-input":{"@type":"PropertyValueSpecification","valueRequired":true,"valueName":"search_term_string"}}],"inLanguage":"ro-RO"},{"@type":"Organization","@id":"https:\/\/guide-ia.fr\/ro\/#organization","name":"Guide IA","url":"https:\/\/guide-ia.fr\/ro\/","logo":{"@type":"ImageObject","inLanguage":"ro-RO","@id":"https:\/\/guide-ia.fr\/ro\/#\/schema\/logo\/image\/","url":"https:\/\/guide-ia.fr\/wp-content\/uploads\/2025\/05\/guide-ia-logo.png","contentUrl":"https:\/\/guide-ia.fr\/wp-content\/uploads\/2025\/05\/guide-ia-logo.png","width":1000,"height":1000,"caption":"Guide IA"},"image":{"@id":"https:\/\/guide-ia.fr\/ro\/#\/schema\/logo\/image\/"}}]}},"_links":{"self":[{"href":"https:\/\/guide-ia.fr\/ro\/wp-json\/wp\/v2\/pages\/11","targetHints":{"allow":["GET"]}}],"collection":[{"href":"https:\/\/guide-ia.fr\/ro\/wp-json\/wp\/v2\/pages"}],"about":[{"href":"https:\/\/guide-ia.fr\/ro\/wp-json\/wp\/v2\/types\/page"}],"author":[{"embeddable":true,"href":"https:\/\/guide-ia.fr\/ro\/wp-json\/wp\/v2\/users\/1"}],"replies":[{"embeddable":true,"href":"https:\/\/guide-ia.fr\/ro\/wp-json\/wp\/v2\/comments?post=11"}],"version-history":[{"count":0,"href":"https:\/\/guide-ia.fr\/ro\/wp-json\/wp\/v2\/pages\/11\/revisions"}],"wp:attachment":[{"href":"https:\/\/guide-ia.fr\/ro\/wp-json\/wp\/v2\/media?parent=11"}],"curies":[{"name":"wp","href":"https:\/\/api.w.org\/{rel}","templated":true}]}}