{"id":954,"date":"2025-05-27T12:25:07","date_gmt":"2025-05-27T10:25:07","guid":{"rendered":"https:\/\/guide-ia.fr\/?page_id=954"},"modified":"2025-05-27T12:25:09","modified_gmt":"2025-05-27T10:25:09","slug":"mentions-legales","status":"publish","type":"page","link":"https:\/\/guide-ia.fr\/ro\/mentions-legales\/","title":{"rendered":"Mentions L\u00e9gales"},"content":{"rendered":"<p><strong>1. Informations G\u00e9n\u00e9rales<\/strong><\/p>\n\n\n\n<p>Conform\u00e9ment aux dispositions des articles 6-III et 19 de la Loi n\u00b0 2004-575 du 21 juin 2004 pour la Confiance dans l&#8217;\u00e9conomie num\u00e9rique, il est port\u00e9 \u00e0 la connaissance des utilisateurs du site <strong>Guide IA<\/strong> les pr\u00e9sentes mentions l\u00e9gales.<\/p>\n\n\n\n<p><strong>2. \u00c9diteur du Site<\/strong><\/p>\n\n\n\n<p>Le site <strong><strong>Guide IA<\/strong><\/strong> est \u00e9dit\u00e9 par l&#8217;entreprise <strong>Guide IA<\/strong> immatricul\u00e9e au Registre du Commerce et des Soci\u00e9t\u00e9s sous le num\u00e9ro <strong>82825765900015<\/strong>.<\/p>\n\n\n\n<p><strong>Si\u00e8ge social :<\/strong> 7 RUE GOMBOUST, 75001 PARIS 01, France<br><strong>Email de contact :<\/strong> hello (at) guide-ia.fr<br><\/p>\n\n\n\n<p><strong>3. Directeur de la Publication<\/strong><\/p>\n\n\n\n<p>Le directeur de la publication du site <strong><strong><strong>Guide IA<\/strong><\/strong><\/strong> est Elisabeth Stauffer<\/p>\n\n\n\n<p><strong>4. H\u00e9bergement<\/strong><\/p>\n\n\n\n<p>Le site est h\u00e9berg\u00e9 par :<\/p>\n\n\n\n<p>OVH<br>SAS au capital de 500 000 euros<br>RCS Roubaix \u2013 Tourcoing 424 761 419 00011<br>Code APE 721Z \u2013 N\u00b0 TVA : FR 22-424-761-419-00011<br>Si\u00e8ge social : 140 Quai du Sartel \u2013 59100 Roubaix \u2013 France.<br>T\u00e9l : 08 203 203 63<\/p>\n\n\n\n<p><strong>5. Propri\u00e9t\u00e9 Intellectuelle<\/strong><\/p>\n\n\n\n<p>L&#8217;ensemble des contenus (textes, images, logos, etc.) pr\u00e9sents sur le site <strong><strong><strong>Guide IA<\/strong><\/strong><\/strong> sont la propri\u00e9t\u00e9 exclusive de l&#8217;entreprise <strong><strong><strong>Guide IA<\/strong><\/strong><\/strong>, sauf mentions contraires. Toute reproduction, distribution, modification ou adaptation, totale ou partielle, de ces \u00e9l\u00e9ments est interdite sans l&#8217;autorisation pr\u00e9alable et \u00e9crite de l&#8217;\u00e9diteur.<\/p>\n\n\n\n<p><strong>6. Donn\u00e9es Personnelles<\/strong><\/p>\n\n\n\n<p>Conform\u00e9ment \u00e0 la loi Informatique et Libert\u00e9s du 6 janvier 1978 modifi\u00e9e et au R\u00e8glement G\u00e9n\u00e9ral sur la Protection des Donn\u00e9es (RGPD), les utilisateurs disposent d&#8217;un droit d&#8217;acc\u00e8s, de rectification, de suppression et d&#8217;opposition aux donn\u00e9es personnelles les concernant. Pour exercer ces droits, veuillez adresser un courriel \u00e0 hello (at) une-case-en-plus.com<\/p>\n\n\n\n<p><strong>7. Responsabilit\u00e9s<\/strong><\/p>\n\n\n\n<p>L&#8217;\u00e9diteur du site met tout en \u0153uvre pour assurer l&#8217;exactitude et la mise \u00e0 jour des informations diffus\u00e9es sur le site, mais ne peut garantir l&#8217;exactitude, la pr\u00e9cision ou l&#8217;exhaustivit\u00e9 des informations mises \u00e0 disposition.<\/p>\n\n\n\n<p>L&#8217;utilisation du site se fait sous la seule responsabilit\u00e9 de l&#8217;utilisateur. L&#8217;\u00e9diteur ne saurait \u00eatre tenu responsable de tout dommage direct ou indirect pouvant r\u00e9sulter de l&#8217;utilisation du site.<\/p>\n\n\n\n<p><strong>8. Liens Hypertextes<\/strong><\/p>\n\n\n\n<p>Le site peut contenir des liens hypertextes vers d&#8217;autres sites. L&#8217;\u00e9diteur du site <strong><strong><strong>Guide IA<\/strong><\/strong><\/strong> ne saurait \u00eatre tenu responsable du contenu de ces sites externes.<\/p>\n\n\n\n<p><strong>9. Droit Applicable et Juridiction Comp\u00e9tente<\/strong><\/p>\n\n\n\n<p>Les pr\u00e9sentes mentions l\u00e9gales sont soumises au droit fran\u00e7ais. En cas de litige, et \u00e0 d\u00e9faut de r\u00e8glement amiable, les tribunaux fran\u00e7ais seront seuls comp\u00e9tents.<\/p>\n\n\n\n<p><strong>10. Contact<\/strong><\/p>\n\n\n\n<p>Pour toute question concernant ces mentions l\u00e9gales, vous pouvez nous contacter par email \u00e0 <strong>hello (at) guide-ia.fr<\/strong> ou par courrier \u00e0 l&#8217;adresse suivante :<br>Une Case En Plus, 7 RUE GOMBOUST, 75001 PARIS 01, France.<\/p>","protected":false},"excerpt":{"rendered":"<p>1. Informations G\u00e9n\u00e9rales Conform\u00e9ment aux dispositions des articles 6-III et 19 de la Loi n\u00b0 2004-575 du 21 juin 2004 pour la Confiance dans l&#8217;\u00e9conomie num\u00e9rique, il est port\u00e9 \u00e0 la connaissance des utilisateurs du site Guide IA les pr\u00e9sentes mentions l\u00e9gales. 2. \u00c9diteur du Site Le site Guide IA est \u00e9dit\u00e9 par l&#8217;entreprise Guide [&hellip;]<\/p>","protected":false},"author":1,"featured_media":0,"parent":0,"menu_order":0,"comment_status":"closed","ping_status":"closed","template":"","meta":{"_gspb_post_css":"","footnotes":""},"class_list":["post-954","page","type-page","status-publish","hentry"],"blocksy_meta":[],"yoast_head":"<!-- This site is optimized with the Yoast SEO plugin v25.6 - https:\/\/yoast.com\/wordpress\/plugins\/seo\/ -->\n<title>Mentions L\u00e9gales - Guide IA<\/title>\n<meta name=\"robots\" content=\"index, follow, max-snippet:-1, max-image-preview:large, max-video-preview:-1\" \/>\n<link rel=\"canonical\" href=\"https:\/\/guide-ia.fr\/ro\/mentions-legales\/\" \/>\n<meta property=\"og:locale\" content=\"ro_RO\" \/>\n<meta property=\"og:type\" content=\"article\" \/>\n<meta property=\"og:title\" content=\"Mentions L\u00e9gales - Guide IA\" \/>\n<meta property=\"og:description\" content=\"1. Informations G\u00e9n\u00e9rales Conform\u00e9ment aux dispositions des articles 6-III et 19 de la Loi n\u00b0 2004-575 du 21 juin 2004 pour la Confiance dans l&#8217;\u00e9conomie num\u00e9rique, il est port\u00e9 \u00e0 la connaissance des utilisateurs du site Guide IA les pr\u00e9sentes mentions l\u00e9gales. 2. \u00c9diteur du Site Le site Guide IA est \u00e9dit\u00e9 par l&#8217;entreprise Guide [&hellip;]\" \/>\n<meta property=\"og:url\" content=\"https:\/\/guide-ia.fr\/ro\/mentions-legales\/\" \/>\n<meta property=\"og:site_name\" content=\"Guide IA\" \/>\n<meta property=\"article:modified_time\" content=\"2025-05-27T10:25:09+00:00\" \/>\n<meta property=\"og:image\" content=\"https:\/\/guide-ia.fr\/wp-content\/uploads\/2025\/05\/guide-ia-logo.png\" \/>\n\t<meta property=\"og:image:width\" content=\"1000\" \/>\n\t<meta property=\"og:image:height\" content=\"1000\" \/>\n\t<meta property=\"og:image:type\" content=\"image\/png\" \/>\n<meta name=\"twitter:card\" content=\"summary_large_image\" \/>\n<meta name=\"twitter:label1\" content=\"Timp estimat pentru citire\" \/>\n\t<meta name=\"twitter:data1\" content=\"3 minute\" \/>\n<script type=\"application\/ld+json\" class=\"yoast-schema-graph\">{\"@context\":\"https:\/\/schema.org\",\"@graph\":[{\"@type\":\"WebPage\",\"@id\":\"https:\/\/guide-ia.fr\/mentions-legales\/\",\"url\":\"https:\/\/guide-ia.fr\/mentions-legales\/\",\"name\":\"Mentions L\u00e9gales - Guide IA\",\"isPartOf\":{\"@id\":\"https:\/\/guide-ia.fr\/ro\/#website\"},\"datePublished\":\"2025-05-27T10:25:07+00:00\",\"dateModified\":\"2025-05-27T10:25:09+00:00\",\"breadcrumb\":{\"@id\":\"https:\/\/guide-ia.fr\/mentions-legales\/#breadcrumb\"},\"inLanguage\":\"ro-RO\",\"potentialAction\":[{\"@type\":\"ReadAction\",\"target\":[\"https:\/\/guide-ia.fr\/mentions-legales\/\"]}]},{\"@type\":\"BreadcrumbList\",\"@id\":\"https:\/\/guide-ia.fr\/mentions-legales\/#breadcrumb\",\"itemListElement\":[{\"@type\":\"ListItem\",\"position\":1,\"name\":\"Accueil\",\"item\":\"https:\/\/guide-ia.fr\/\"},{\"@type\":\"ListItem\",\"position\":2,\"name\":\"Mentions L\u00e9gales\"}]},{\"@type\":\"WebSite\",\"@id\":\"https:\/\/guide-ia.fr\/ro\/#website\",\"url\":\"https:\/\/guide-ia.fr\/ro\/\",\"name\":\"Guide IA\",\"description\":\"Des outils, des test, des avis et des conseils\",\"publisher\":{\"@id\":\"https:\/\/guide-ia.fr\/ro\/#organization\"},\"potentialAction\":[{\"@type\":\"SearchAction\",\"target\":{\"@type\":\"EntryPoint\",\"urlTemplate\":\"https:\/\/guide-ia.fr\/ro\/?s={search_term_string}\"},\"query-input\":{\"@type\":\"PropertyValueSpecification\",\"valueRequired\":true,\"valueName\":\"search_term_string\"}}],\"inLanguage\":\"ro-RO\"},{\"@type\":\"Organization\",\"@id\":\"https:\/\/guide-ia.fr\/ro\/#organization\",\"name\":\"Guide IA\",\"url\":\"https:\/\/guide-ia.fr\/ro\/\",\"logo\":{\"@type\":\"ImageObject\",\"inLanguage\":\"ro-RO\",\"@id\":\"https:\/\/guide-ia.fr\/ro\/#\/schema\/logo\/image\/\",\"url\":\"https:\/\/guide-ia.fr\/wp-content\/uploads\/2025\/05\/guide-ia-logo.png\",\"contentUrl\":\"https:\/\/guide-ia.fr\/wp-content\/uploads\/2025\/05\/guide-ia-logo.png\",\"width\":1000,\"height\":1000,\"caption\":\"Guide IA\"},\"image\":{\"@id\":\"https:\/\/guide-ia.fr\/ro\/#\/schema\/logo\/image\/\"}}]}<\/script>\n<!-- \/ Yoast SEO plugin. -->","yoast_head_json":{"title":"Mentions L\u00e9gales - Guide IA","robots":{"index":"index","follow":"follow","max-snippet":"max-snippet:-1","max-image-preview":"max-image-preview:large","max-video-preview":"max-video-preview:-1"},"canonical":"https:\/\/guide-ia.fr\/ro\/mentions-legales\/","og_locale":"ro_RO","og_type":"article","og_title":"Mentions L\u00e9gales - Guide IA","og_description":"1. Informations G\u00e9n\u00e9rales Conform\u00e9ment aux dispositions des articles 6-III et 19 de la Loi n\u00b0 2004-575 du 21 juin 2004 pour la Confiance dans l&#8217;\u00e9conomie num\u00e9rique, il est port\u00e9 \u00e0 la connaissance des utilisateurs du site Guide IA les pr\u00e9sentes mentions l\u00e9gales. 2. \u00c9diteur du Site Le site Guide IA est \u00e9dit\u00e9 par l&#8217;entreprise Guide [&hellip;]","og_url":"https:\/\/guide-ia.fr\/ro\/mentions-legales\/","og_site_name":"Guide IA","article_modified_time":"2025-05-27T10:25:09+00:00","og_image":[{"width":1000,"height":1000,"url":"https:\/\/guide-ia.fr\/wp-content\/uploads\/2025\/05\/guide-ia-logo.png","type":"image\/png"}],"twitter_card":"summary_large_image","twitter_misc":{"Timp estimat pentru citire":"3 minute"},"schema":{"@context":"https:\/\/schema.org","@graph":[{"@type":"WebPage","@id":"https:\/\/guide-ia.fr\/mentions-legales\/","url":"https:\/\/guide-ia.fr\/mentions-legales\/","name":"Mentions L\u00e9gales - Guide IA","isPartOf":{"@id":"https:\/\/guide-ia.fr\/ro\/#website"},"datePublished":"2025-05-27T10:25:07+00:00","dateModified":"2025-05-27T10:25:09+00:00","breadcrumb":{"@id":"https:\/\/guide-ia.fr\/mentions-legales\/#breadcrumb"},"inLanguage":"ro-RO","potentialAction":[{"@type":"ReadAction","target":["https:\/\/guide-ia.fr\/mentions-legales\/"]}]},{"@type":"BreadcrumbList","@id":"https:\/\/guide-ia.fr\/mentions-legales\/#breadcrumb","itemListElement":[{"@type":"ListItem","position":1,"name":"Accueil","item":"https:\/\/guide-ia.fr\/"},{"@type":"ListItem","position":2,"name":"Mentions L\u00e9gales"}]},{"@type":"WebSite","@id":"https:\/\/guide-ia.fr\/ro\/#website","url":"https:\/\/guide-ia.fr\/ro\/","name":"Guide IA","description":"Des outils, des test, des avis et des conseils","publisher":{"@id":"https:\/\/guide-ia.fr\/ro\/#organization"},"potentialAction":[{"@type":"SearchAction","target":{"@type":"EntryPoint","urlTemplate":"https:\/\/guide-ia.fr\/ro\/?s={search_term_string}"},"query-input":{"@type":"PropertyValueSpecification","valueRequired":true,"valueName":"search_term_string"}}],"inLanguage":"ro-RO"},{"@type":"Organization","@id":"https:\/\/guide-ia.fr\/ro\/#organization","name":"Guide IA","url":"https:\/\/guide-ia.fr\/ro\/","logo":{"@type":"ImageObject","inLanguage":"ro-RO","@id":"https:\/\/guide-ia.fr\/ro\/#\/schema\/logo\/image\/","url":"https:\/\/guide-ia.fr\/wp-content\/uploads\/2025\/05\/guide-ia-logo.png","contentUrl":"https:\/\/guide-ia.fr\/wp-content\/uploads\/2025\/05\/guide-ia-logo.png","width":1000,"height":1000,"caption":"Guide IA"},"image":{"@id":"https:\/\/guide-ia.fr\/ro\/#\/schema\/logo\/image\/"}}]}},"_links":{"self":[{"href":"https:\/\/guide-ia.fr\/ro\/wp-json\/wp\/v2\/pages\/954","targetHints":{"allow":["GET"]}}],"collection":[{"href":"https:\/\/guide-ia.fr\/ro\/wp-json\/wp\/v2\/pages"}],"about":[{"href":"https:\/\/guide-ia.fr\/ro\/wp-json\/wp\/v2\/types\/page"}],"author":[{"embeddable":true,"href":"https:\/\/guide-ia.fr\/ro\/wp-json\/wp\/v2\/users\/1"}],"replies":[{"embeddable":true,"href":"https:\/\/guide-ia.fr\/ro\/wp-json\/wp\/v2\/comments?post=954"}],"version-history":[{"count":0,"href":"https:\/\/guide-ia.fr\/ro\/wp-json\/wp\/v2\/pages\/954\/revisions"}],"wp:attachment":[{"href":"https:\/\/guide-ia.fr\/ro\/wp-json\/wp\/v2\/media?parent=954"}],"curies":[{"name":"wp","href":"https:\/\/api.w.org\/{rel}","templated":true}]}}